{"id":539,"date":"2021-10-04T14:41:18","date_gmt":"2021-10-04T12:41:18","guid":{"rendered":"https:\/\/www.sattlerplanung.at\/?page_id=539"},"modified":"2025-03-25T09:01:36","modified_gmt":"2025-03-25T08:01:36","slug":"kindergarten-turnsaal","status":"publish","type":"page","link":"https:\/\/www.sattlerplanung.at\/?page_id=539","title":{"rendered":"Kindergarten &#038; Turnsaal"},"content":{"rendered":"\n<h2 class=\"has-text-align-center wp-block-heading\">Gro\u00dfgemeinde Nickelsdorf <\/h2>\n\n\n\n<p><strong>SITUATION:<\/strong><br>Das Grundst\u00fcck, auf dem der Neubau eines Kindergartens durchgef\u00fchrt worden ist befindet sich in Nickelsdorf, Lindengasse 26. Es handelt sich dabei um das gleiche Grundst\u00fcck, auf dem sich die Volksschule befindet, an die eine Zentralgarderobe als verbindendes Bauteil zum Kindergarten zugebaut worden ist.<\/p>\n\n\n\n<p>Planungsbeginn: April 2017<\/p>\n\n\n\n<p>Baubeginn: Juni 2018<\/p>\n\n\n\n<p>Fertigstellung: August 2021<\/p>\n\n\n\n<p><strong>Kindergartenneubau<\/strong><br>Nutzfl\u00e4che: 737,14m\u00b2<br>Verbaute Fl\u00e4che: 502,75m\u00b2<br><strong>bestehender Zubau Turnsaal<\/strong><br>Nutzfl\u00e4che 239,44m\u00b2<br>Verbaute Fl\u00e4che 274,77m\u00b2<br><strong>Bestehende Volksschule<\/strong><br>Nutzfl\u00e4che (ca.) 770,00m\u00b2<br>Verbaute Fl\u00e4che (ca.) 855,00m\u00b2<br>Verbaute Fl\u00e4che gesamt (ca.) 1632,52m\u00b2<\/p>\n\n\n\n<figure class=\"wp-block-gallery columns-3 is-cropped wp-block-gallery-1 is-layout-flex wp-block-gallery-is-layout-flex\"><ul class=\"blocks-gallery-grid\"><li class=\"blocks-gallery-item\"><figure><img fetchpriority=\"high\" decoding=\"async\" width=\"1024\" height=\"567\" src=\"https:\/\/www.sattlerplanung.at\/wp-content\/uploads\/2021\/10\/Kiga02-1024x567.jpg\" alt=\"\" data-id=\"513\" data-full-url=\"https:\/\/www.sattlerplanung.at\/wp-content\/uploads\/2021\/10\/Kiga02.jpg\" data-link=\"https:\/\/www.sattlerplanung.at\/index.php\/projekte\/kiga02\/\" class=\"wp-image-513\" srcset=\"https:\/\/www.sattlerplanung.at\/wp-content\/uploads\/2021\/10\/Kiga02-1024x567.jpg 1024w, https:\/\/www.sattlerplanung.at\/wp-content\/uploads\/2021\/10\/Kiga02-300x166.jpg 300w, https:\/\/www.sattlerplanung.at\/wp-content\/uploads\/2021\/10\/Kiga02-768x425.jpg 768w, https:\/\/www.sattlerplanung.at\/wp-content\/uploads\/2021\/10\/Kiga02-1536x850.jpg 1536w, https:\/\/www.sattlerplanung.at\/wp-content\/uploads\/2021\/10\/Kiga02-1200x664.jpg 1200w, https:\/\/www.sattlerplanung.at\/wp-content\/uploads\/2021\/10\/Kiga02.jpg 1922w\" sizes=\"(max-width: 1024px) 100vw, 1024px\" \/><\/figure><\/li><li class=\"blocks-gallery-item\"><figure><img decoding=\"async\" width=\"1024\" height=\"498\" src=\"https:\/\/www.sattlerplanung.at\/wp-content\/uploads\/2021\/10\/Kiga-1024x498.jpg\" alt=\"\" data-id=\"512\" data-full-url=\"https:\/\/www.sattlerplanung.at\/wp-content\/uploads\/2021\/10\/Kiga.jpg\" data-link=\"https:\/\/www.sattlerplanung.at\/index.php\/projekte\/kiga\/\" class=\"wp-image-512\" srcset=\"https:\/\/www.sattlerplanung.at\/wp-content\/uploads\/2021\/10\/Kiga-1024x498.jpg 1024w, https:\/\/www.sattlerplanung.at\/wp-content\/uploads\/2021\/10\/Kiga-300x146.jpg 300w, https:\/\/www.sattlerplanung.at\/wp-content\/uploads\/2021\/10\/Kiga-768x374.jpg 768w, https:\/\/www.sattlerplanung.at\/wp-content\/uploads\/2021\/10\/Kiga-1536x747.jpg 1536w, https:\/\/www.sattlerplanung.at\/wp-content\/uploads\/2021\/10\/Kiga-1200x584.jpg 1200w, https:\/\/www.sattlerplanung.at\/wp-content\/uploads\/2021\/10\/Kiga.jpg 1904w\" sizes=\"(max-width: 1024px) 100vw, 1024px\" \/><\/figure><\/li><li class=\"blocks-gallery-item\"><figure><img decoding=\"async\" width=\"1024\" height=\"576\" src=\"https:\/\/www.sattlerplanung.at\/wp-content\/uploads\/2021\/10\/20210409_161405-1024x576.jpg\" alt=\"\" data-id=\"511\" data-full-url=\"https:\/\/www.sattlerplanung.at\/wp-content\/uploads\/2021\/10\/20210409_161405-scaled.jpg\" data-link=\"https:\/\/www.sattlerplanung.at\/index.php\/projekte\/20210409_161405\/\" class=\"wp-image-511\" srcset=\"https:\/\/www.sattlerplanung.at\/wp-content\/uploads\/2021\/10\/20210409_161405-1024x576.jpg 1024w, https:\/\/www.sattlerplanung.at\/wp-content\/uploads\/2021\/10\/20210409_161405-300x169.jpg 300w, https:\/\/www.sattlerplanung.at\/wp-content\/uploads\/2021\/10\/20210409_161405-768x432.jpg 768w, https:\/\/www.sattlerplanung.at\/wp-content\/uploads\/2021\/10\/20210409_161405-1536x864.jpg 1536w, https:\/\/www.sattlerplanung.at\/wp-content\/uploads\/2021\/10\/20210409_161405-2048x1152.jpg 2048w, https:\/\/www.sattlerplanung.at\/wp-content\/uploads\/2021\/10\/20210409_161405-1200x675.jpg 1200w, https:\/\/www.sattlerplanung.at\/wp-content\/uploads\/2021\/10\/20210409_161405-1980x1114.jpg 1980w\" sizes=\"(max-width: 1024px) 100vw, 1024px\" \/><\/figure><\/li><li class=\"blocks-gallery-item\"><figure><img loading=\"lazy\" decoding=\"async\" width=\"1024\" height=\"576\" src=\"https:\/\/www.sattlerplanung.at\/wp-content\/uploads\/2021\/10\/20210409_160947-1024x576.jpg\" alt=\"\" data-id=\"510\" data-full-url=\"https:\/\/www.sattlerplanung.at\/wp-content\/uploads\/2021\/10\/20210409_160947-scaled.jpg\" data-link=\"https:\/\/www.sattlerplanung.at\/index.php\/projekte\/20210409_160947\/\" class=\"wp-image-510\" srcset=\"https:\/\/www.sattlerplanung.at\/wp-content\/uploads\/2021\/10\/20210409_160947-1024x576.jpg 1024w, https:\/\/www.sattlerplanung.at\/wp-content\/uploads\/2021\/10\/20210409_160947-300x169.jpg 300w, https:\/\/www.sattlerplanung.at\/wp-content\/uploads\/2021\/10\/20210409_160947-768x432.jpg 768w, https:\/\/www.sattlerplanung.at\/wp-content\/uploads\/2021\/10\/20210409_160947-1536x864.jpg 1536w, https:\/\/www.sattlerplanung.at\/wp-content\/uploads\/2021\/10\/20210409_160947-2048x1152.jpg 2048w, https:\/\/www.sattlerplanung.at\/wp-content\/uploads\/2021\/10\/20210409_160947-1200x675.jpg 1200w, https:\/\/www.sattlerplanung.at\/wp-content\/uploads\/2021\/10\/20210409_160947-1980x1114.jpg 1980w\" sizes=\"(max-width: 1024px) 100vw, 1024px\" \/><\/figure><\/li><li class=\"blocks-gallery-item\"><figure><img loading=\"lazy\" decoding=\"async\" width=\"576\" height=\"1024\" src=\"https:\/\/www.sattlerplanung.at\/wp-content\/uploads\/2021\/10\/20210409_161935-576x1024.jpg\" alt=\"\" data-id=\"509\" data-full-url=\"https:\/\/www.sattlerplanung.at\/wp-content\/uploads\/2021\/10\/20210409_161935-scaled.jpg\" data-link=\"https:\/\/www.sattlerplanung.at\/index.php\/projekte\/20210409_161935\/\" class=\"wp-image-509\" srcset=\"https:\/\/www.sattlerplanung.at\/wp-content\/uploads\/2021\/10\/20210409_161935-576x1024.jpg 576w, https:\/\/www.sattlerplanung.at\/wp-content\/uploads\/2021\/10\/20210409_161935-169x300.jpg 169w, https:\/\/www.sattlerplanung.at\/wp-content\/uploads\/2021\/10\/20210409_161935-768x1365.jpg 768w, https:\/\/www.sattlerplanung.at\/wp-content\/uploads\/2021\/10\/20210409_161935-864x1536.jpg 864w, https:\/\/www.sattlerplanung.at\/wp-content\/uploads\/2021\/10\/20210409_161935-1152x2048.jpg 1152w, https:\/\/www.sattlerplanung.at\/wp-content\/uploads\/2021\/10\/20210409_161935-1200x2133.jpg 1200w, https:\/\/www.sattlerplanung.at\/wp-content\/uploads\/2021\/10\/20210409_161935-1980x3520.jpg 1980w, https:\/\/www.sattlerplanung.at\/wp-content\/uploads\/2021\/10\/20210409_161935-scaled.jpg 1440w\" sizes=\"(max-width: 576px) 100vw, 576px\" \/><\/figure><\/li><li class=\"blocks-gallery-item\"><figure><img loading=\"lazy\" decoding=\"async\" width=\"1024\" height=\"576\" src=\"https:\/\/www.sattlerplanung.at\/wp-content\/uploads\/2021\/10\/20210409_161645-1024x576.jpg\" alt=\"\" data-id=\"508\" data-full-url=\"https:\/\/www.sattlerplanung.at\/wp-content\/uploads\/2021\/10\/20210409_161645-scaled.jpg\" data-link=\"https:\/\/www.sattlerplanung.at\/index.php\/projekte\/20210409_161645\/\" class=\"wp-image-508\" srcset=\"https:\/\/www.sattlerplanung.at\/wp-content\/uploads\/2021\/10\/20210409_161645-1024x576.jpg 1024w, https:\/\/www.sattlerplanung.at\/wp-content\/uploads\/2021\/10\/20210409_161645-300x169.jpg 300w, https:\/\/www.sattlerplanung.at\/wp-content\/uploads\/2021\/10\/20210409_161645-768x432.jpg 768w, https:\/\/www.sattlerplanung.at\/wp-content\/uploads\/2021\/10\/20210409_161645-1536x864.jpg 1536w, https:\/\/www.sattlerplanung.at\/wp-content\/uploads\/2021\/10\/20210409_161645-2048x1152.jpg 2048w, https:\/\/www.sattlerplanung.at\/wp-content\/uploads\/2021\/10\/20210409_161645-1200x675.jpg 1200w, https:\/\/www.sattlerplanung.at\/wp-content\/uploads\/2021\/10\/20210409_161645-1980x1114.jpg 1980w\" sizes=\"(max-width: 1024px) 100vw, 1024px\" \/><\/figure><\/li><\/ul><\/figure>\n","protected":false},"excerpt":{"rendered":"<p>Gro\u00dfgemeinde Nickelsdorf SITUATION:Das Grundst\u00fcck, auf dem der Neubau eines Kindergartens durchgef\u00fchrt worden ist befindet sich in Nickelsdorf, Lindengasse 26. Es handelt sich dabei um das gleiche Grundst\u00fcck, auf dem sich die Volksschule befindet, an die eine Zentralgarderobe als verbindendes Bauteil zum Kindergarten zugebaut worden ist. Planungsbeginn: April 2017 Baubeginn: Juni 2018 Fertigstellung: August 2021 KindergartenneubauNutzfl\u00e4che: [&hellip;]<\/p>\n","protected":false},"author":1,"featured_media":0,"parent":1401,"menu_order":11,"comment_status":"closed","ping_status":"closed","template":"elementor_theme","meta":{"_uag_custom_page_level_css":"","site-sidebar-layout":"default","site-content-layout":"","ast-site-content-layout":"","site-content-style":"default","site-sidebar-style":"default","ast-global-header-display":"","ast-banner-title-visibility":"","ast-main-header-display":"","ast-hfb-above-header-display":"","ast-hfb-below-header-display":"","ast-hfb-mobile-header-display":"","site-post-title":"","ast-breadcrumbs-content":"","ast-featured-img":"","footer-sml-layout":"","theme-transparent-header-meta":"","adv-header-id-meta":"","stick-header-meta":"","header-above-stick-meta":"","header-main-stick-meta":"","header-below-stick-meta":"","astra-migrate-meta-layouts":"default","ast-page-background-enabled":"default","ast-page-background-meta":{"desktop":{"background-color":"","background-image":"","background-repeat":"repeat","background-position":"center center","background-size":"auto","background-attachment":"scroll","background-type":"","background-media":"","overlay-type":"","overlay-color":"","overlay-opacity":"","overlay-gradient":""},"tablet":{"background-color":"","background-image":"","background-repeat":"repeat","background-position":"center center","background-size":"auto","background-attachment":"scroll","background-type":"","background-media":"","overlay-type":"","overlay-color":"","overlay-opacity":"","overlay-gradient":""},"mobile":{"background-color":"","background-image":"","background-repeat":"repeat","background-position":"center center","background-size":"auto","background-attachment":"scroll","background-type":"","background-media":"","overlay-type":"","overlay-color":"","overlay-opacity":"","overlay-gradient":""}},"ast-content-background-meta":{"desktop":{"background-color":"var(--ast-global-color-5)","background-image":"","background-repeat":"repeat","background-position":"center center","background-size":"auto","background-attachment":"scroll","background-type":"","background-media":"","overlay-type":"","overlay-color":"","overlay-opacity":"","overlay-gradient":""},"tablet":{"background-color":"var(--ast-global-color-5)","background-image":"","background-repeat":"repeat","background-position":"center center","background-size":"auto","background-attachment":"scroll","background-type":"","background-media":"","overlay-type":"","overlay-color":"","overlay-opacity":"","overlay-gradient":""},"mobile":{"background-color":"var(--ast-global-color-5)","background-image":"","background-repeat":"repeat","background-position":"center center","background-size":"auto","background-attachment":"scroll","background-type":"","background-media":"","overlay-type":"","overlay-color":"","overlay-opacity":"","overlay-gradient":""}},"_themeisle_gutenberg_block_has_review":false,"footnotes":""},"class_list":["post-539","page","type-page","status-publish","hentry"],"uagb_featured_image_src":{"full":false,"thumbnail":false,"medium":false,"medium_large":false,"large":false,"1536x1536":false,"2048x2048":false},"uagb_author_info":{"display_name":"satplan","author_link":"https:\/\/www.sattlerplanung.at\/?author=1"},"uagb_comment_info":0,"uagb_excerpt":"Gro\u00dfgemeinde Nickelsdorf SITUATION:Das Grundst\u00fcck, auf dem der Neubau eines Kindergartens durchgef\u00fchrt worden ist befindet sich in Nickelsdorf, Lindengasse 26. Es handelt sich dabei um das gleiche Grundst\u00fcck, auf dem sich die Volksschule befindet, an die eine Zentralgarderobe als verbindendes Bauteil zum Kindergarten zugebaut worden ist. Planungsbeginn: April 2017 Baubeginn: Juni 2018 Fertigstellung: August 2021 KindergartenneubauNutzfl\u00e4che:&hellip;","_links":{"self":[{"href":"https:\/\/www.sattlerplanung.at\/index.php?rest_route=\/wp\/v2\/pages\/539","targetHints":{"allow":["GET"]}}],"collection":[{"href":"https:\/\/www.sattlerplanung.at\/index.php?rest_route=\/wp\/v2\/pages"}],"about":[{"href":"https:\/\/www.sattlerplanung.at\/index.php?rest_route=\/wp\/v2\/types\/page"}],"author":[{"embeddable":true,"href":"https:\/\/www.sattlerplanung.at\/index.php?rest_route=\/wp\/v2\/users\/1"}],"replies":[{"embeddable":true,"href":"https:\/\/www.sattlerplanung.at\/index.php?rest_route=%2Fwp%2Fv2%2Fcomments&post=539"}],"version-history":[{"count":3,"href":"https:\/\/www.sattlerplanung.at\/index.php?rest_route=\/wp\/v2\/pages\/539\/revisions"}],"predecessor-version":[{"id":551,"href":"https:\/\/www.sattlerplanung.at\/index.php?rest_route=\/wp\/v2\/pages\/539\/revisions\/551"}],"up":[{"embeddable":true,"href":"https:\/\/www.sattlerplanung.at\/index.php?rest_route=\/wp\/v2\/pages\/1401"}],"wp:attachment":[{"href":"https:\/\/www.sattlerplanung.at\/index.php?rest_route=%2Fwp%2Fv2%2Fmedia&parent=539"}],"curies":[{"name":"wp","href":"https:\/\/api.w.org\/{rel}","templated":true}]}}