{"id":418,"date":"2021-10-04T13:51:02","date_gmt":"2021-10-04T11:51:02","guid":{"rendered":"https:\/\/www.sattlerplanung.at\/?page_id=418"},"modified":"2025-03-25T09:02:00","modified_gmt":"2025-03-25T08:02:00","slug":"kreisverkehr-jois","status":"publish","type":"page","link":"https:\/\/www.sattlerplanung.at\/?page_id=418","title":{"rendered":"Kreisverkehr Jois"},"content":{"rendered":"\t\t<div data-elementor-type=\"wp-page\" data-elementor-id=\"418\" class=\"elementor elementor-418\">\n\t\t\t\t\t\t<section class=\"elementor-section elementor-top-section elementor-element elementor-element-0b94786 elementor-section-full_width elementor-section-height-min-height elementor-section-height-default elementor-section-items-middle\" data-id=\"0b94786\" data-element_type=\"section\" data-e-type=\"section\">\n\t\t\t\t\t\t<div class=\"elementor-container elementor-column-gap-custom\">\n\t\t\t\t\t<div class=\"elementor-column elementor-col-100 elementor-top-column elementor-element elementor-element-7a18e59\" data-id=\"7a18e59\" data-element_type=\"column\" data-e-type=\"column\">\n\t\t\t<div class=\"elementor-widget-wrap elementor-element-populated\">\n\t\t\t\t\t\t<div class=\"elementor-element elementor-element-ef6cb93 elementor-widget elementor-widget-text-editor\" data-id=\"ef6cb93\" data-element_type=\"widget\" data-e-type=\"widget\" data-widget_type=\"text-editor.default\">\n\t\t\t\t<div class=\"elementor-widget-container\">\n\t\t\t\t\t\t\t\t\t<p><\/p>\n<p style=\"text-align: center;\"><span style=\"color: #000000;\">Der Kreisverkehr wurde im Zuge eines Ideenwettbewerbes in den<\/span><br \/><span style=\"color: #000000;\">Jahren 2018\/2019 realisiert. 25 Projekte von namhaften K\u00fcnstlern,<\/span><br \/><span style=\"color: #000000;\">Baumeistern, Architekten und Hobby-Kreativen wurden eingereicht.<\/span><br \/><span style=\"color: #000000;\">Eine Jury bestehend aus allen Fraktionen des Gemeinderats, dem<\/span><br \/><span style=\"color: #000000;\">Tourismusverein, dem Weinbauverein und die Bev\u00f6lkerung<\/span><br \/><span style=\"color: #000000;\">entschieden sich f\u00fcr diesen Vorschlag als klaren Sieger aus den<\/span><br \/><span style=\"color: #000000;\">eingereichten Entw\u00fcrfen. Die Fertigstellung erfolgte am 25.05.2019.<\/span><\/p>\n<p><span style=\"color: #000000;\"><\/span><\/p>\t\t\t\t\t\t\t\t<\/div>\n\t\t\t\t<\/div>\n\t\t\t\t\t<\/div>\n\t\t<\/div>\n\t\t\t\t\t<\/div>\n\t\t<\/section>\n\t\t\t\t<section class=\"elementor-section elementor-top-section elementor-element elementor-element-3fe2fbc elementor-section-boxed elementor-section-height-default elementor-section-height-default\" data-id=\"3fe2fbc\" data-element_type=\"section\" data-e-type=\"section\">\n\t\t\t\t\t\t<div class=\"elementor-container elementor-column-gap-default\">\n\t\t\t\t\t<div class=\"elementor-column elementor-col-100 elementor-top-column elementor-element elementor-element-b2d38f3\" data-id=\"b2d38f3\" data-element_type=\"column\" data-e-type=\"column\">\n\t\t\t<div class=\"elementor-widget-wrap elementor-element-populated\">\n\t\t\t\t\t\t<div class=\"elementor-element elementor-element-ebe962c elementor-widget elementor-widget-image\" data-id=\"ebe962c\" data-element_type=\"widget\" data-e-type=\"widget\" data-widget_type=\"image.default\">\n\t\t\t\t<div class=\"elementor-widget-container\">\n\t\t\t\t\t\t\t\t\t\t\t\t<figure class=\"wp-caption\">\n\t\t\t\t\t\t\t\t\t\t<img fetchpriority=\"high\" decoding=\"async\" width=\"1228\" height=\"910\" src=\"https:\/\/www.sattlerplanung.at\/wp-content\/uploads\/2021\/05\/Kirsch-und-Wein_Kreisverkehr-Jois_Architekturbuero-Sattler_Zeitungsbild.jpg\" class=\"attachment-full size-full wp-image-436\" alt=\"\" srcset=\"https:\/\/www.sattlerplanung.at\/wp-content\/uploads\/2021\/05\/Kirsch-und-Wein_Kreisverkehr-Jois_Architekturbuero-Sattler_Zeitungsbild.jpg 1228w, https:\/\/www.sattlerplanung.at\/wp-content\/uploads\/2021\/05\/Kirsch-und-Wein_Kreisverkehr-Jois_Architekturbuero-Sattler_Zeitungsbild-300x222.jpg 300w, https:\/\/www.sattlerplanung.at\/wp-content\/uploads\/2021\/05\/Kirsch-und-Wein_Kreisverkehr-Jois_Architekturbuero-Sattler_Zeitungsbild-1024x759.jpg 1024w, https:\/\/www.sattlerplanung.at\/wp-content\/uploads\/2021\/05\/Kirsch-und-Wein_Kreisverkehr-Jois_Architekturbuero-Sattler_Zeitungsbild-768x569.jpg 768w, https:\/\/www.sattlerplanung.at\/wp-content\/uploads\/2021\/05\/Kirsch-und-Wein_Kreisverkehr-Jois_Architekturbuero-Sattler_Zeitungsbild-1200x889.jpg 1200w\" sizes=\"(max-width: 1228px) 100vw, 1228px\" \/>\t\t\t\t\t\t\t\t\t\t\t<figcaption class=\"widget-image-caption wp-caption-text\">Wettbewerbsplakat 2018 - 01\/02 <\/figcaption>\n\t\t\t\t\t\t\t\t\t\t<\/figure>\n\t\t\t\t\t\t\t\t\t<\/div>\n\t\t\t\t<\/div>\n\t\t\t\t\t<\/div>\n\t\t<\/div>\n\t\t\t\t\t<\/div>\n\t\t<\/section>\n\t\t\t\t<section class=\"elementor-section elementor-top-section elementor-element elementor-element-5e1cb76 elementor-section-boxed elementor-section-height-default elementor-section-height-default\" data-id=\"5e1cb76\" data-element_type=\"section\" data-e-type=\"section\">\n\t\t\t\t\t\t<div class=\"elementor-container elementor-column-gap-default\">\n\t\t\t\t\t<div class=\"elementor-column elementor-col-100 elementor-top-column elementor-element elementor-element-91b85bd\" data-id=\"91b85bd\" data-element_type=\"column\" data-e-type=\"column\">\n\t\t\t<div class=\"elementor-widget-wrap elementor-element-populated\">\n\t\t\t\t\t\t<div class=\"elementor-element elementor-element-24ccc9d elementor-widget elementor-widget-image\" data-id=\"24ccc9d\" data-element_type=\"widget\" data-e-type=\"widget\" data-widget_type=\"image.default\">\n\t\t\t\t<div class=\"elementor-widget-container\">\n\t\t\t\t\t\t\t\t\t\t\t\t<figure class=\"wp-caption\">\n\t\t\t\t\t\t\t\t\t\t<img decoding=\"async\" width=\"3295\" height=\"2326\" src=\"https:\/\/www.sattlerplanung.at\/wp-content\/uploads\/2021\/05\/KIRSCH-UND-WEIN-1.png\" class=\"attachment-full size-full wp-image-435\" alt=\"\" srcset=\"https:\/\/www.sattlerplanung.at\/wp-content\/uploads\/2021\/05\/KIRSCH-UND-WEIN-1.png 3295w, https:\/\/www.sattlerplanung.at\/wp-content\/uploads\/2021\/05\/KIRSCH-UND-WEIN-1-300x212.png 300w, https:\/\/www.sattlerplanung.at\/wp-content\/uploads\/2021\/05\/KIRSCH-UND-WEIN-1-1024x723.png 1024w, https:\/\/www.sattlerplanung.at\/wp-content\/uploads\/2021\/05\/KIRSCH-UND-WEIN-1-768x542.png 768w, https:\/\/www.sattlerplanung.at\/wp-content\/uploads\/2021\/05\/KIRSCH-UND-WEIN-1-1536x1084.png 1536w, https:\/\/www.sattlerplanung.at\/wp-content\/uploads\/2021\/05\/KIRSCH-UND-WEIN-1-2048x1446.png 2048w, https:\/\/www.sattlerplanung.at\/wp-content\/uploads\/2021\/05\/KIRSCH-UND-WEIN-1-1200x847.png 1200w, https:\/\/www.sattlerplanung.at\/wp-content\/uploads\/2021\/05\/KIRSCH-UND-WEIN-1-1980x1398.png 1980w\" sizes=\"(max-width: 3295px) 100vw, 3295px\" \/>\t\t\t\t\t\t\t\t\t\t\t<figcaption class=\"widget-image-caption wp-caption-text\">Wettbewerbsplakat 2018 - 02\/02 <\/figcaption>\n\t\t\t\t\t\t\t\t\t\t<\/figure>\n\t\t\t\t\t\t\t\t\t<\/div>\n\t\t\t\t<\/div>\n\t\t\t\t\t<\/div>\n\t\t<\/div>\n\t\t\t\t\t<\/div>\n\t\t<\/section>\n\t\t\t\t<section class=\"elementor-section elementor-top-section elementor-element elementor-element-8c52385 elementor-section-boxed elementor-section-height-default elementor-section-height-default\" data-id=\"8c52385\" data-element_type=\"section\" data-e-type=\"section\">\n\t\t\t\t\t\t<div class=\"elementor-container elementor-column-gap-default\">\n\t\t\t\t\t<div class=\"elementor-column elementor-col-100 elementor-top-column elementor-element elementor-element-ce22361\" data-id=\"ce22361\" data-element_type=\"column\" data-e-type=\"column\">\n\t\t\t<div class=\"elementor-widget-wrap elementor-element-populated\">\n\t\t\t\t\t\t<div class=\"elementor-element elementor-element-3b0388f elementor-widget elementor-widget-image\" data-id=\"3b0388f\" data-element_type=\"widget\" data-e-type=\"widget\" data-widget_type=\"image.default\">\n\t\t\t\t<div class=\"elementor-widget-container\">\n\t\t\t\t\t\t\t\t\t\t\t\t<figure class=\"wp-caption\">\n\t\t\t\t\t\t\t\t\t\t<img decoding=\"async\" width=\"2560\" height=\"1439\" src=\"https:\/\/www.sattlerplanung.at\/wp-content\/uploads\/2022\/05\/IMG_3290-scaled.jpg\" class=\"attachment-full size-full wp-image-625\" alt=\"\" srcset=\"https:\/\/www.sattlerplanung.at\/wp-content\/uploads\/2022\/05\/IMG_3290-scaled.jpg 2560w, https:\/\/www.sattlerplanung.at\/wp-content\/uploads\/2022\/05\/IMG_3290-300x169.jpg 300w, https:\/\/www.sattlerplanung.at\/wp-content\/uploads\/2022\/05\/IMG_3290-1024x576.jpg 1024w, https:\/\/www.sattlerplanung.at\/wp-content\/uploads\/2022\/05\/IMG_3290-768x432.jpg 768w, https:\/\/www.sattlerplanung.at\/wp-content\/uploads\/2022\/05\/IMG_3290-1536x864.jpg 1536w, https:\/\/www.sattlerplanung.at\/wp-content\/uploads\/2022\/05\/IMG_3290-2048x1152.jpg 2048w, https:\/\/www.sattlerplanung.at\/wp-content\/uploads\/2022\/05\/IMG_3290-1200x675.jpg 1200w, https:\/\/www.sattlerplanung.at\/wp-content\/uploads\/2022\/05\/IMG_3290-1980x1113.jpg 1980w\" sizes=\"(max-width: 2560px) 100vw, 2560px\" \/>\t\t\t\t\t\t\t\t\t\t\t<figcaption class=\"widget-image-caption wp-caption-text\">\u00a9Daniel Knabl - 2022<\/figcaption>\n\t\t\t\t\t\t\t\t\t\t<\/figure>\n\t\t\t\t\t\t\t\t\t<\/div>\n\t\t\t\t<\/div>\n\t\t\t\t\t<\/div>\n\t\t<\/div>\n\t\t\t\t\t<\/div>\n\t\t<\/section>\n\t\t\t\t<section class=\"elementor-section elementor-top-section elementor-element elementor-element-ff9ac21 elementor-section-boxed elementor-section-height-default elementor-section-height-default\" data-id=\"ff9ac21\" data-element_type=\"section\" data-e-type=\"section\">\n\t\t\t\t\t\t<div class=\"elementor-container elementor-column-gap-default\">\n\t\t\t\t\t<div class=\"elementor-column elementor-col-100 elementor-top-column elementor-element elementor-element-374491f\" data-id=\"374491f\" data-element_type=\"column\" data-e-type=\"column\">\n\t\t\t<div class=\"elementor-widget-wrap elementor-element-populated\">\n\t\t\t\t\t\t<div class=\"elementor-element elementor-element-efa41a4 elementor-widget elementor-widget-image\" data-id=\"efa41a4\" data-element_type=\"widget\" data-e-type=\"widget\" data-widget_type=\"image.default\">\n\t\t\t\t<div class=\"elementor-widget-container\">\n\t\t\t\t\t\t\t\t\t\t\t\t<figure class=\"wp-caption\">\n\t\t\t\t\t\t\t\t\t\t<img loading=\"lazy\" decoding=\"async\" width=\"676\" height=\"960\" src=\"https:\/\/www.sattlerplanung.at\/wp-content\/uploads\/2021\/04\/IMG_6875.jpg\" class=\"attachment-full size-full wp-image-419\" alt=\"\" srcset=\"https:\/\/www.sattlerplanung.at\/wp-content\/uploads\/2021\/04\/IMG_6875.jpg 676w, https:\/\/www.sattlerplanung.at\/wp-content\/uploads\/2021\/04\/IMG_6875-211x300.jpg 211w\" sizes=\"(max-width: 676px) 100vw, 676px\" \/>\t\t\t\t\t\t\t\t\t\t\t<figcaption class=\"widget-image-caption wp-caption-text\"> Artikel aus der Gemeinde Jois-Zeitung (Ausgabe Juli 2019)<\/figcaption>\n\t\t\t\t\t\t\t\t\t\t<\/figure>\n\t\t\t\t\t\t\t\t\t<\/div>\n\t\t\t\t<\/div>\n\t\t\t\t\t<\/div>\n\t\t<\/div>\n\t\t\t\t\t<\/div>\n\t\t<\/section>\n\t\t\t\t<\/div>\n\t\t","protected":false},"excerpt":{"rendered":"<p>Der Kreisverkehr wurde im Zuge eines Ideenwettbewerbes in denJahren 2018\/2019 realisiert. 25 Projekte von namhaften K\u00fcnstlern,Baumeistern, Architekten und Hobby-Kreativen wurden eingereicht.Eine Jury bestehend aus allen Fraktionen des Gemeinderats, demTourismusverein, dem Weinbauverein und die Bev\u00f6lkerungentschieden sich f\u00fcr diesen Vorschlag als klaren Sieger aus deneingereichten Entw\u00fcrfen. Die Fertigstellung erfolgte am 25.05.2019. Wettbewerbsplakat 2018 &#8211; 01\/02 Wettbewerbsplakat 2018 [&hellip;]<\/p>\n","protected":false},"author":1,"featured_media":0,"parent":1401,"menu_order":15,"comment_status":"closed","ping_status":"closed","template":"","meta":{"_uag_custom_page_level_css":"","site-sidebar-layout":"default","site-content-layout":"","ast-site-content-layout":"","site-content-style":"default","site-sidebar-style":"default","ast-global-header-display":"","ast-banner-title-visibility":"","ast-main-header-display":"","ast-hfb-above-header-display":"","ast-hfb-below-header-display":"","ast-hfb-mobile-header-display":"","site-post-title":"","ast-breadcrumbs-content":"","ast-featured-img":"","footer-sml-layout":"","theme-transparent-header-meta":"","adv-header-id-meta":"","stick-header-meta":"","header-above-stick-meta":"","header-main-stick-meta":"","header-below-stick-meta":"","astra-migrate-meta-layouts":"default","ast-page-background-enabled":"default","ast-page-background-meta":{"desktop":{"background-color":"","background-image":"","background-repeat":"repeat","background-position":"center center","background-size":"auto","background-attachment":"scroll","background-type":"","background-media":"","overlay-type":"","overlay-color":"","overlay-opacity":"","overlay-gradient":""},"tablet":{"background-color":"","background-image":"","background-repeat":"repeat","background-position":"center center","background-size":"auto","background-attachment":"scroll","background-type":"","background-media":"","overlay-type":"","overlay-color":"","overlay-opacity":"","overlay-gradient":""},"mobile":{"background-color":"","background-image":"","background-repeat":"repeat","background-position":"center center","background-size":"auto","background-attachment":"scroll","background-type":"","background-media":"","overlay-type":"","overlay-color":"","overlay-opacity":"","overlay-gradient":""}},"ast-content-background-meta":{"desktop":{"background-color":"var(--ast-global-color-5)","background-image":"","background-repeat":"repeat","background-position":"center center","background-size":"auto","background-attachment":"scroll","background-type":"","background-media":"","overlay-type":"","overlay-color":"","overlay-opacity":"","overlay-gradient":""},"tablet":{"background-color":"var(--ast-global-color-5)","background-image":"","background-repeat":"repeat","background-position":"center center","background-size":"auto","background-attachment":"scroll","background-type":"","background-media":"","overlay-type":"","overlay-color":"","overlay-opacity":"","overlay-gradient":""},"mobile":{"background-color":"var(--ast-global-color-5)","background-image":"","background-repeat":"repeat","background-position":"center center","background-size":"auto","background-attachment":"scroll","background-type":"","background-media":"","overlay-type":"","overlay-color":"","overlay-opacity":"","overlay-gradient":""}},"_themeisle_gutenberg_block_has_review":false,"footnotes":""},"class_list":["post-418","page","type-page","status-publish","hentry"],"uagb_featured_image_src":{"full":false,"thumbnail":false,"medium":false,"medium_large":false,"large":false,"1536x1536":false,"2048x2048":false},"uagb_author_info":{"display_name":"satplan","author_link":"https:\/\/www.sattlerplanung.at\/?author=1"},"uagb_comment_info":0,"uagb_excerpt":"Der Kreisverkehr wurde im Zuge eines Ideenwettbewerbes in denJahren 2018\/2019 realisiert. 25 Projekte von namhaften K\u00fcnstlern,Baumeistern, Architekten und Hobby-Kreativen wurden eingereicht.Eine Jury bestehend aus allen Fraktionen des Gemeinderats, demTourismusverein, dem Weinbauverein und die Bev\u00f6lkerungentschieden sich f\u00fcr diesen Vorschlag als klaren Sieger aus deneingereichten Entw\u00fcrfen. Die Fertigstellung erfolgte am 25.05.2019. Wettbewerbsplakat 2018 &#8211; 01\/02 Wettbewerbsplakat 2018&hellip;","_links":{"self":[{"href":"https:\/\/www.sattlerplanung.at\/index.php?rest_route=\/wp\/v2\/pages\/418","targetHints":{"allow":["GET"]}}],"collection":[{"href":"https:\/\/www.sattlerplanung.at\/index.php?rest_route=\/wp\/v2\/pages"}],"about":[{"href":"https:\/\/www.sattlerplanung.at\/index.php?rest_route=\/wp\/v2\/types\/page"}],"author":[{"embeddable":true,"href":"https:\/\/www.sattlerplanung.at\/index.php?rest_route=\/wp\/v2\/users\/1"}],"replies":[{"embeddable":true,"href":"https:\/\/www.sattlerplanung.at\/index.php?rest_route=%2Fwp%2Fv2%2Fcomments&post=418"}],"version-history":[{"count":27,"href":"https:\/\/www.sattlerplanung.at\/index.php?rest_route=\/wp\/v2\/pages\/418\/revisions"}],"predecessor-version":[{"id":646,"href":"https:\/\/www.sattlerplanung.at\/index.php?rest_route=\/wp\/v2\/pages\/418\/revisions\/646"}],"up":[{"embeddable":true,"href":"https:\/\/www.sattlerplanung.at\/index.php?rest_route=\/wp\/v2\/pages\/1401"}],"wp:attachment":[{"href":"https:\/\/www.sattlerplanung.at\/index.php?rest_route=%2Fwp%2Fv2%2Fmedia&parent=418"}],"curies":[{"name":"wp","href":"https:\/\/api.w.org\/{rel}","templated":true}]}}