{"id":223,"date":"2021-03-30T08:45:35","date_gmt":"2021-03-30T06:45:35","guid":{"rendered":"https:\/\/www.sattlerplanung.at\/?page_id=223"},"modified":"2025-03-03T09:33:28","modified_gmt":"2025-03-03T08:33:28","slug":"impressum","status":"publish","type":"page","link":"https:\/\/www.sattlerplanung.at\/?page_id=223","title":{"rendered":"Impressum"},"content":{"rendered":"\t\t<div data-elementor-type=\"wp-page\" data-elementor-id=\"223\" class=\"elementor elementor-223\">\n\t\t\t\t<div class=\"elementor-element elementor-element-246f3526 e-flex e-con-boxed e-con e-parent\" data-id=\"246f3526\" data-element_type=\"container\" data-e-type=\"container\">\n\t\t\t\t\t<div class=\"e-con-inner\">\n\t\t\t\t<div class=\"elementor-element elementor-element-00f13a8 elementor-widget elementor-widget-heading\" data-id=\"00f13a8\" data-element_type=\"widget\" data-e-type=\"widget\" data-widget_type=\"heading.default\">\n\t\t\t\t<div class=\"elementor-widget-container\">\n\t\t\t\t\t<h2 class=\"elementor-heading-title elementor-size-default\">Impressum<\/h2>\t\t\t\t<\/div>\n\t\t\t\t<\/div>\n\t\t\t\t<div class=\"elementor-element elementor-element-ab48380 elementor-widget elementor-widget-text-editor\" data-id=\"ab48380\" data-element_type=\"widget\" data-e-type=\"widget\" data-widget_type=\"text-editor.default\">\n\t\t\t\t<div class=\"elementor-widget-container\">\n\t\t\t\t\t\t\t\t\t<p><strong>Informationen gem\u00e4\u00df gesetztlchen Vorschriften<\/strong><\/p>\t\t\t\t\t\t\t\t<\/div>\n\t\t\t\t<\/div>\n\t\t\t\t<div class=\"elementor-element elementor-element-3db01e37 elementor-widget elementor-widget-text-editor\" data-id=\"3db01e37\" data-element_type=\"widget\" data-e-type=\"widget\" data-widget_type=\"text-editor.default\">\n\t\t\t\t<div class=\"elementor-widget-container\">\n\t\t\t\t\t\t\t\t\t<p><strong>Firmenname:<\/strong> DIPL. HTL-ING Franz Sattler Planung und Bau GmbH<br \/><strong>handelsrechtlicher Gesch\u00e4ftsf\u00fchrer:<\/strong> DI (FH) Markus Richter<br \/><span style=\"font-style: inherit; font-weight: inherit; text-align: var(--text-align); color: var(--ast-global-color-3);\"><strong>Firmensitz:<\/strong> Untere Hauptstra\u00dfe 44, A &#8211; 7093 Jois<\/span><br \/><br \/><strong>Kontaktdaten<\/strong><br \/><strong>Tel.:<\/strong> +43 (0) 660 250 57 88<br \/><strong>E-Mail:<\/strong> sattlerplanung@gmail.com<br \/><strong>Website:<\/strong> https:\/\/www.sattlerplanung.at.<br \/><br \/><strong>Firmenbuchnummer:<\/strong> FN 65023 y<br \/><strong>Umsatzsteuer-Identifikationsnummer:<\/strong> ATU 20 76 98 08<br \/><strong>Gewerbe:<\/strong> Baumeister<br \/><strong>Rechtsform:<\/strong> Gesellschaft mit beschr\u00e4nkter Haftung (GmbH)<br \/><strong>Gr\u00fcndungsjahr:<\/strong> 26.11.1993<br \/><strong>Rechtsstand:<\/strong> Eisenstadt<br \/>Mitglied der Wirtschaftskammer Burgenland<br \/><br \/>Rechtsvorschrift: Gewerbeordnung, abrufbar unter <a href=\"http:\/\/www.ris.bka.gv.at\" target=\"_blank\" rel=\"noreferrer noopener\">www.ris.bka.gv.at<\/a><br \/><br \/><!-- \/wp:paragraph --><br \/><br \/><!-- wp:paragraph --><br \/><br \/><br \/><\/p>\n<p><!-- \/wp:paragraph --><\/p>\t\t\t\t\t\t\t\t<\/div>\n\t\t\t\t<\/div>\n\t\t\t\t\t<\/div>\n\t\t\t\t<\/div>\n\t\t\t\t<\/div>\n\t\t","protected":false},"excerpt":{"rendered":"<p>Impressum Informationen gem\u00e4\u00df gesetztlchen Vorschriften Firmenname: DIPL. HTL-ING Franz Sattler Planung und Bau GmbHhandelsrechtlicher Gesch\u00e4ftsf\u00fchrer: DI (FH) Markus RichterFirmensitz: Untere Hauptstra\u00dfe 44, A &#8211; 7093 Jois KontaktdatenTel.: +43 (0) 660 250 57 88E-Mail: sattlerplanung@gmail.comWebsite: https:\/\/www.sattlerplanung.at. Firmenbuchnummer: FN 65023 yUmsatzsteuer-Identifikationsnummer: ATU 20 76 98 08Gewerbe: BaumeisterRechtsform: Gesellschaft mit beschr\u00e4nkter Haftung (GmbH)Gr\u00fcndungsjahr: 26.11.1993Rechtsstand: EisenstadtMitglied der Wirtschaftskammer Burgenland [&hellip;]<\/p>\n","protected":false},"author":1,"featured_media":0,"parent":0,"menu_order":7,"comment_status":"closed","ping_status":"closed","template":"elementor_header_footer","meta":{"_uag_custom_page_level_css":"","site-sidebar-layout":"default","site-content-layout":"","ast-site-content-layout":"default","site-content-style":"default","site-sidebar-style":"default","ast-global-header-display":"","ast-banner-title-visibility":"","ast-main-header-display":"","ast-hfb-above-header-display":"","ast-hfb-below-header-display":"","ast-hfb-mobile-header-display":"","site-post-title":"","ast-breadcrumbs-content":"","ast-featured-img":"","footer-sml-layout":"","theme-transparent-header-meta":"","adv-header-id-meta":"","stick-header-meta":"","header-above-stick-meta":"","header-main-stick-meta":"","header-below-stick-meta":"","astra-migrate-meta-layouts":"set","ast-page-background-enabled":"default","ast-page-background-meta":{"desktop":{"background-color":"","background-image":"","background-repeat":"repeat","background-position":"center center","background-size":"auto","background-attachment":"scroll","background-type":"","background-media":"","overlay-type":"","overlay-color":"","overlay-opacity":"","overlay-gradient":""},"tablet":{"background-color":"","background-image":"","background-repeat":"repeat","background-position":"center center","background-size":"auto","background-attachment":"scroll","background-type":"","background-media":"","overlay-type":"","overlay-color":"","overlay-opacity":"","overlay-gradient":""},"mobile":{"background-color":"","background-image":"","background-repeat":"repeat","background-position":"center center","background-size":"auto","background-attachment":"scroll","background-type":"","background-media":"","overlay-type":"","overlay-color":"","overlay-opacity":"","overlay-gradient":""}},"ast-content-background-meta":{"desktop":{"background-color":"var(--ast-global-color-5)","background-image":"","background-repeat":"repeat","background-position":"center center","background-size":"auto","background-attachment":"scroll","background-type":"","background-media":"","overlay-type":"","overlay-color":"","overlay-opacity":"","overlay-gradient":""},"tablet":{"background-color":"var(--ast-global-color-5)","background-image":"","background-repeat":"repeat","background-position":"center center","background-size":"auto","background-attachment":"scroll","background-type":"","background-media":"","overlay-type":"","overlay-color":"","overlay-opacity":"","overlay-gradient":""},"mobile":{"background-color":"var(--ast-global-color-5)","background-image":"","background-repeat":"repeat","background-position":"center center","background-size":"auto","background-attachment":"scroll","background-type":"","background-media":"","overlay-type":"","overlay-color":"","overlay-opacity":"","overlay-gradient":""}},"_themeisle_gutenberg_block_has_review":false,"footnotes":""},"class_list":["post-223","page","type-page","status-publish","hentry"],"uagb_featured_image_src":{"full":false,"thumbnail":false,"medium":false,"medium_large":false,"large":false,"1536x1536":false,"2048x2048":false},"uagb_author_info":{"display_name":"satplan","author_link":"https:\/\/www.sattlerplanung.at\/?author=1"},"uagb_comment_info":0,"uagb_excerpt":"Impressum Informationen gem\u00e4\u00df gesetztlchen Vorschriften Firmenname: DIPL. HTL-ING Franz Sattler Planung und Bau GmbHhandelsrechtlicher Gesch\u00e4ftsf\u00fchrer: DI (FH) Markus RichterFirmensitz: Untere Hauptstra\u00dfe 44, A &#8211; 7093 Jois KontaktdatenTel.: +43 (0) 660 250 57 88E-Mail: sattlerplanung@gmail.comWebsite: https:\/\/www.sattlerplanung.at. Firmenbuchnummer: FN 65023 yUmsatzsteuer-Identifikationsnummer: ATU 20 76 98 08Gewerbe: BaumeisterRechtsform: Gesellschaft mit beschr\u00e4nkter Haftung (GmbH)Gr\u00fcndungsjahr: 26.11.1993Rechtsstand: EisenstadtMitglied der Wirtschaftskammer Burgenland&hellip;","_links":{"self":[{"href":"https:\/\/www.sattlerplanung.at\/index.php?rest_route=\/wp\/v2\/pages\/223","targetHints":{"allow":["GET"]}}],"collection":[{"href":"https:\/\/www.sattlerplanung.at\/index.php?rest_route=\/wp\/v2\/pages"}],"about":[{"href":"https:\/\/www.sattlerplanung.at\/index.php?rest_route=\/wp\/v2\/types\/page"}],"author":[{"embeddable":true,"href":"https:\/\/www.sattlerplanung.at\/index.php?rest_route=\/wp\/v2\/users\/1"}],"replies":[{"embeddable":true,"href":"https:\/\/www.sattlerplanung.at\/index.php?rest_route=%2Fwp%2Fv2%2Fcomments&post=223"}],"version-history":[{"count":14,"href":"https:\/\/www.sattlerplanung.at\/index.php?rest_route=\/wp\/v2\/pages\/223\/revisions"}],"predecessor-version":[{"id":1878,"href":"https:\/\/www.sattlerplanung.at\/index.php?rest_route=\/wp\/v2\/pages\/223\/revisions\/1878"}],"wp:attachment":[{"href":"https:\/\/www.sattlerplanung.at\/index.php?rest_route=%2Fwp%2Fv2%2Fmedia&parent=223"}],"curies":[{"name":"wp","href":"https:\/\/api.w.org\/{rel}","templated":true}]}}