{"id":1394,"date":"2025-02-17T13:51:33","date_gmt":"2025-02-17T12:51:33","guid":{"rendered":"https:\/\/www.sattlerplanung.at\/?page_id=1394"},"modified":"2025-02-27T14:07:28","modified_gmt":"2025-02-27T13:07:28","slug":"datenschutzerklaerung","status":"publish","type":"page","link":"https:\/\/www.sattlerplanung.at\/?page_id=1394","title":{"rendered":"Datenschutzerkl\u00e4rung"},"content":{"rendered":"\t\t<div data-elementor-type=\"wp-page\" data-elementor-id=\"1394\" class=\"elementor elementor-1394\">\n\t\t\t\t<div class=\"elementor-element elementor-element-711e5db9 e-flex e-con-boxed e-con e-parent\" data-id=\"711e5db9\" data-element_type=\"container\" data-e-type=\"container\">\n\t\t\t\t\t<div class=\"e-con-inner\">\n\t\t\t\t<div class=\"elementor-element elementor-element-bef7245 elementor-widget elementor-widget-spacer\" data-id=\"bef7245\" data-element_type=\"widget\" data-e-type=\"widget\" data-widget_type=\"spacer.default\">\n\t\t\t\t<div class=\"elementor-widget-container\">\n\t\t\t\t\t\t\t<div class=\"elementor-spacer\">\n\t\t\t<div class=\"elementor-spacer-inner\"><\/div>\n\t\t<\/div>\n\t\t\t\t\t\t<\/div>\n\t\t\t\t<\/div>\n\t\t\t\t<div class=\"elementor-element elementor-element-2229a78 elementor-widget elementor-widget-heading\" data-id=\"2229a78\" data-element_type=\"widget\" data-e-type=\"widget\" data-widget_type=\"heading.default\">\n\t\t\t\t<div class=\"elementor-widget-container\">\n\t\t\t\t\t<h2 class=\"elementor-heading-title elementor-size-default\">Datenschutzerkl\u00e4rung<\/h2>\t\t\t\t<\/div>\n\t\t\t\t<\/div>\n\t\t\t\t<div class=\"elementor-element elementor-element-4ec3406c elementor-widget elementor-widget-text-editor\" data-id=\"4ec3406c\" data-element_type=\"widget\" data-e-type=\"widget\" data-widget_type=\"text-editor.default\">\n\t\t\t\t<div class=\"elementor-widget-container\">\n\t\t\t\t\t\t\t\t\t<p data-start=\"284\" data-end=\"306\"><span style=\"font-weight: bold;\" data-start=\"4215\" data-end=\"4243\">Stand: Februar 2025<\/span><\/p><p data-start=\"284\" data-end=\"306\">Diese Datenschutzerkl\u00e4rung dient dazu, alle Nutzer:innen dieser Website \u00fcber die Erhebung, Verarbeitung und Nutzung personenbezogener Daten zu informieren. Personenbezogene Daten umfassen in diesem Zusammenhang alle Informationen, die eine direkte oder indirekte Identifikation Ihrer Person erm\u00f6glichen \u2013 darunter m\u00f6glicherweise auch Ihre IP-Adresse. Daten, die in Cookies gespeichert werden, gelten in der Regel nicht als personenbezogen, es sei denn, besondere Umst\u00e4nde lassen eine Identifizierung zu. F\u00fcr den Einsatz von Cookies gelten spezielle Regelungen, die je nach Verwendungszweck eine aktive Einwilligung der Nutzer:innen erforderlich machen.<\/p><p data-start=\"0\" data-end=\"325\">In diesem allgemeinen Abschnitt der Datenschutzerkl\u00e4rung informieren wir Sie \u00fcber grundlegende Aspekte des Datenschutzes, die f\u00fcr unsere Datenverarbeitung, einschlie\u00dflich der Erhebung von Daten auf unserer Website, gelten. Zudem kl\u00e4ren wir Sie als betroffene Person \u00fcber Ihre Rechte im Zusammenhang mit dem Datenschutz auf. Wir legen gro\u00dfen Wert auf eine geschlechtsneutrale Sprache. Sollte dies an einzelnen Stellen nicht vollst\u00e4ndig umgesetzt sein, gilt die Information selbstverst\u00e4ndlich f\u00fcr alle Menschen unabh\u00e4ngig von ihrem Geschlecht. Unsere Datenschutzpraktiken sowie die in dieser Datenschutzerkl\u00e4rung verwendeten Begriffe orientieren sich an der Datenschutz-Grundverordnung der EU (\u201eDSGVO\u201c) sowie den relevanten nationalen Datenschutzgesetzen.<\/p><h5 data-start=\"284\" data-end=\"306\">\u00a0<\/h5><h5 data-start=\"284\" data-end=\"306\"><strong data-start=\"287\" data-end=\"304\">1. Einleitung<\/strong><\/h5><p data-start=\"307\" data-end=\"667\">Der Schutz Ihrer pers\u00f6nlichen Daten ist uns ein besonderes Anliegen. Wir, die <strong data-start=\"385\" data-end=\"428\">Ing. Franz Sattler Planung und Bau GmbH<\/strong>, verarbeiten Ihre Daten daher ausschlie\u00dflich auf Grundlage der gesetzlichen Bestimmungen (DSGVO, TKG 2003). In dieser Datenschutzerkl\u00e4rung informieren wir Sie \u00fcber die wichtigsten Aspekte der Datenverarbeitung im Rahmen unserer Website.<\/p><h5 data-start=\"669\" data-end=\"723\"><strong data-start=\"672\" data-end=\"721\">2. Verantwortlicher f\u00fcr die Datenverarbeitung<\/strong><\/h5><p data-start=\"724\" data-end=\"868\"><strong data-start=\"724\" data-end=\"767\">Ing. Franz Sattler Planung und Bau GmbH<\/strong><br data-start=\"767\" data-end=\"770\" \/>Untere Hauptstra\u00dfe 44, A-7093 Jois<br data-start=\"802\" data-end=\"805\" \/>Telefon: +43 660 250 57 88<br data-start=\"834\" data-end=\"837\" \/>E-Mail: sattlerplanung@gmail.com<\/p><h5 data-start=\"870\" data-end=\"931\"><strong data-start=\"873\" data-end=\"929\">3. Erhebung und Verarbeitung personenbezogener Daten<\/strong><\/h5><p data-start=\"932\" data-end=\"1179\">Wir erfassen und verarbeiten personenbezogene Daten nur, wenn Sie uns diese aktiv zur Verf\u00fcgung stellen (z. B. durch das Ausf\u00fcllen eines Kontaktformulars, eine E-Mail-Anfrage oder eine telefonische Kontaktaufnahme). Die erhobenen Daten umfassen:<\/p><ul data-start=\"1181\" data-end=\"1335\"><li data-start=\"1181\" data-end=\"1229\">Name, Adresse, E-Mail-Adresse, Telefonnummer<\/li><li data-start=\"1230\" data-end=\"1298\">Projektspezifische Informationen, falls Sie eine Anfrage stellen<\/li><li data-start=\"1299\" data-end=\"1335\">Technische Daten (siehe Punkt 4)<\/li><\/ul><h5 data-start=\"1337\" data-end=\"1383\"><strong data-start=\"1340\" data-end=\"1381\">4. Server-Logfiles &amp; technische Daten<\/strong><\/h5><p data-start=\"1384\" data-end=\"1482\">Beim Besuch unserer Website werden automatisch Informationen durch den Hosting-Provider erfasst:<\/p><ul data-start=\"1484\" data-end=\"1597\"><li data-start=\"1484\" data-end=\"1498\">IP-Adresse<\/li><li data-start=\"1499\" data-end=\"1526\">Browsertyp und -version<\/li><li data-start=\"1527\" data-end=\"1545\">Betriebssystem<\/li><li data-start=\"1546\" data-end=\"1562\">Referrer URL<\/li><li data-start=\"1563\" data-end=\"1597\">Uhrzeit und Datum des Zugriffs<\/li><\/ul><p data-start=\"1599\" data-end=\"1748\">Diese Daten dienen ausschlie\u00dflich der technischen \u00dcberwachung und Sicherheit der Website und werden nicht mit anderen Datenquellen zusammengef\u00fchrt.<\/p><h5 data-start=\"1750\" data-end=\"1769\"><strong data-start=\"1753\" data-end=\"1767\">5. Cookies<\/strong><\/h5><p data-start=\"1770\" data-end=\"2032\">Unsere Website verwendet <strong data-start=\"1795\" data-end=\"1806\">Cookies<\/strong>, um die Benutzerfreundlichkeit zu verbessern. Cookies sind kleine Textdateien, die auf Ihrem Endger\u00e4t gespeichert werden und bestimmte Einstellungen sowie Daten zum Austausch mit unserem System \u00fcber Ihren Browser speichern.<\/p><h6 data-start=\"2034\" data-end=\"2074\"><strong data-start=\"2038\" data-end=\"2072\">Welche Cookies setzen wir ein?<\/strong><\/h6><ul data-start=\"2075\" data-end=\"2380\"><li data-start=\"2075\" data-end=\"2153\"><strong data-start=\"2077\" data-end=\"2100\">Essenzielle Cookies<\/strong> \u2013 Erforderlich f\u00fcr die Grundfunktionen der Website<\/li><li data-start=\"2154\" data-end=\"2268\"><strong data-start=\"2156\" data-end=\"2189\">Analyse- und Tracking-Cookies<\/strong> (z. B. Google Analytics) \u2013 Zur anonymisierten Auswertung der Website-Nutzung<\/li><li data-start=\"2269\" data-end=\"2380\"><strong data-start=\"2271\" data-end=\"2311\">Marketing- und Drittanbieter-Cookies<\/strong> \u2013 Falls Social-Media-Plugins oder externe Inhalte eingebunden sind<\/li><\/ul><p data-start=\"2382\" data-end=\"2472\">Sie k\u00f6nnen die Speicherung von Cookies in den Einstellungen Ihres Browsers deaktivieren.<\/p><h5 data-start=\"2474\" data-end=\"2502\"><strong data-start=\"2477\" data-end=\"2500\">6. Google Analytics<\/strong><\/h5><p data-start=\"2503\" data-end=\"2913\">Unsere Website nutzt <strong data-start=\"2524\" data-end=\"2544\">Google Analytics<\/strong>, einen Webanalysedienst der Google LLC. Google Analytics verwendet Cookies, die eine Analyse der Nutzung der Website erm\u00f6glichen. Die gesammelten Daten (einschlie\u00dflich Ihrer IP-Adresse) werden in anonymisierter Form an Google-Server \u00fcbertragen. Sie k\u00f6nnen die Speicherung von Google-Analytics-Cookies durch eine entsprechende Einstellung in Ihrem Browser verhindern.<\/p><h5 data-start=\"2915\" data-end=\"2958\"><strong data-start=\"2918\" data-end=\"2956\">7. Kontaktformular &amp; Kommunikation<\/strong><\/h5><p data-start=\"2959\" data-end=\"3198\">Wenn Sie uns \u00fcber das Kontaktformular oder per E-Mail kontaktieren, speichern wir Ihre Daten zur Bearbeitung Ihrer Anfrage. Diese Daten geben wir nicht ohne Ihre Einwilligung weiter und l\u00f6schen sie, sobald sie nicht mehr ben\u00f6tigt werden.<\/p><h5 data-start=\"3200\" data-end=\"3243\"><strong data-start=\"3203\" data-end=\"3241\">8. Datenspeicherung &amp; Aufbewahrung<\/strong><\/h5><p data-start=\"3244\" data-end=\"3408\">Personenbezogene Daten speichern wir nur so lange, wie es f\u00fcr die Erf\u00fcllung der jeweiligen Zwecke erforderlich ist oder gesetzliche Aufbewahrungsfristen bestehen.<\/p><h5 data-start=\"3410\" data-end=\"3433\"><strong data-start=\"3413\" data-end=\"3431\">9. Ihre Rechte<\/strong><\/h5><p data-start=\"3434\" data-end=\"3795\">Sie haben das Recht auf:<br data-start=\"3458\" data-end=\"3461\" \/><strong data-start=\"3463\" data-end=\"3475\">Auskunft<\/strong> \u00fcber die gespeicherten Daten<br data-start=\"3504\" data-end=\"3507\" \/><strong data-start=\"3509\" data-end=\"3525\">Berichtigung<\/strong> unrichtiger Daten<br data-start=\"3543\" data-end=\"3546\" \/><strong data-start=\"3548\" data-end=\"3560\">L\u00f6schung<\/strong> Ihrer Daten, sofern keine gesetzlichen Aufbewahrungspflichten bestehen<br data-start=\"3631\" data-end=\"3634\" \/><strong data-start=\"3636\" data-end=\"3670\">Einschr\u00e4nkung der Verarbeitung<\/strong> Ihrer Daten<br data-start=\"3682\" data-end=\"3685\" \/><strong data-start=\"3687\" data-end=\"3725\">Widerspruch gegen die Verarbeitung<\/strong> Ihrer Daten<br data-start=\"3737\" data-end=\"3740\" \/><strong data-start=\"3742\" data-end=\"3766\">Daten\u00fcbertragbarkeit<\/strong>, falls technisch umsetzbar<\/p><p data-start=\"3797\" data-end=\"4028\">Kontaktieren Sie uns dazu unter <strong data-start=\"3829\" data-end=\"3854\">sattlerplanung@gmail.com<\/strong>.<\/p><h5 data-start=\"4030\" data-end=\"4078\"><strong data-start=\"4033\" data-end=\"4076\">10. \u00c4nderungen der Datenschutzerkl\u00e4rung<\/strong><\/h5><p data-start=\"4079\" data-end=\"4213\">Wir behalten uns vor, diese Datenschutzerkl\u00e4rung bei Bedarf anzupassen. Die aktuelle Version ist stets auf unserer Website abrufbar.<\/p>\t\t\t\t\t\t\t\t<\/div>\n\t\t\t\t<\/div>\n\t\t\t\t\t<\/div>\n\t\t\t\t<\/div>\n\t\t\t\t<\/div>\n\t\t","protected":false},"excerpt":{"rendered":"<p>Datenschutzerkl\u00e4rung Stand: Februar 2025 Diese Datenschutzerkl\u00e4rung dient dazu, alle Nutzer:innen dieser Website \u00fcber die Erhebung, Verarbeitung und Nutzung personenbezogener Daten zu informieren. Personenbezogene Daten umfassen in diesem Zusammenhang alle Informationen, die eine direkte oder indirekte Identifikation Ihrer Person erm\u00f6glichen \u2013 darunter m\u00f6glicherweise auch Ihre IP-Adresse. Daten, die in Cookies gespeichert werden, gelten in der Regel [&hellip;]<\/p>\n","protected":false},"author":1,"featured_media":0,"parent":0,"menu_order":6,"comment_status":"closed","ping_status":"closed","template":"elementor_header_footer","meta":{"_uag_custom_page_level_css":"","site-sidebar-layout":"default","site-content-layout":"","ast-site-content-layout":"","site-content-style":"default","site-sidebar-style":"default","ast-global-header-display":"","ast-banner-title-visibility":"","ast-main-header-display":"","ast-hfb-above-header-display":"","ast-hfb-below-header-display":"","ast-hfb-mobile-header-display":"","site-post-title":"","ast-breadcrumbs-content":"","ast-featured-img":"","footer-sml-layout":"","theme-transparent-header-meta":"","adv-header-id-meta":"","stick-header-meta":"","header-above-stick-meta":"","header-main-stick-meta":"","header-below-stick-meta":"","astra-migrate-meta-layouts":"default","ast-page-background-enabled":"default","ast-page-background-meta":{"desktop":{"background-color":"","background-image":"","background-repeat":"repeat","background-position":"center center","background-size":"auto","background-attachment":"scroll","background-type":"","background-media":"","overlay-type":"","overlay-color":"","overlay-opacity":"","overlay-gradient":""},"tablet":{"background-color":"","background-image":"","background-repeat":"repeat","background-position":"center center","background-size":"auto","background-attachment":"scroll","background-type":"","background-media":"","overlay-type":"","overlay-color":"","overlay-opacity":"","overlay-gradient":""},"mobile":{"background-color":"","background-image":"","background-repeat":"repeat","background-position":"center center","background-size":"auto","background-attachment":"scroll","background-type":"","background-media":"","overlay-type":"","overlay-color":"","overlay-opacity":"","overlay-gradient":""}},"ast-content-background-meta":{"desktop":{"background-color":"var(--ast-global-color-5)","background-image":"","background-repeat":"repeat","background-position":"center center","background-size":"auto","background-attachment":"scroll","background-type":"","background-media":"","overlay-type":"","overlay-color":"","overlay-opacity":"","overlay-gradient":""},"tablet":{"background-color":"var(--ast-global-color-5)","background-image":"","background-repeat":"repeat","background-position":"center center","background-size":"auto","background-attachment":"scroll","background-type":"","background-media":"","overlay-type":"","overlay-color":"","overlay-opacity":"","overlay-gradient":""},"mobile":{"background-color":"var(--ast-global-color-5)","background-image":"","background-repeat":"repeat","background-position":"center center","background-size":"auto","background-attachment":"scroll","background-type":"","background-media":"","overlay-type":"","overlay-color":"","overlay-opacity":"","overlay-gradient":""}},"_themeisle_gutenberg_block_has_review":false,"footnotes":""},"class_list":["post-1394","page","type-page","status-publish","hentry"],"uagb_featured_image_src":{"full":false,"thumbnail":false,"medium":false,"medium_large":false,"large":false,"1536x1536":false,"2048x2048":false},"uagb_author_info":{"display_name":"satplan","author_link":"https:\/\/www.sattlerplanung.at\/?author=1"},"uagb_comment_info":0,"uagb_excerpt":"Datenschutzerkl\u00e4rung Stand: Februar 2025 Diese Datenschutzerkl\u00e4rung dient dazu, alle Nutzer:innen dieser Website \u00fcber die Erhebung, Verarbeitung und Nutzung personenbezogener Daten zu informieren. Personenbezogene Daten umfassen in diesem Zusammenhang alle Informationen, die eine direkte oder indirekte Identifikation Ihrer Person erm\u00f6glichen \u2013 darunter m\u00f6glicherweise auch Ihre IP-Adresse. Daten, die in Cookies gespeichert werden, gelten in der Regel&hellip;","_links":{"self":[{"href":"https:\/\/www.sattlerplanung.at\/index.php?rest_route=\/wp\/v2\/pages\/1394","targetHints":{"allow":["GET"]}}],"collection":[{"href":"https:\/\/www.sattlerplanung.at\/index.php?rest_route=\/wp\/v2\/pages"}],"about":[{"href":"https:\/\/www.sattlerplanung.at\/index.php?rest_route=\/wp\/v2\/types\/page"}],"author":[{"embeddable":true,"href":"https:\/\/www.sattlerplanung.at\/index.php?rest_route=\/wp\/v2\/users\/1"}],"replies":[{"embeddable":true,"href":"https:\/\/www.sattlerplanung.at\/index.php?rest_route=%2Fwp%2Fv2%2Fcomments&post=1394"}],"version-history":[{"count":12,"href":"https:\/\/www.sattlerplanung.at\/index.php?rest_route=\/wp\/v2\/pages\/1394\/revisions"}],"predecessor-version":[{"id":1596,"href":"https:\/\/www.sattlerplanung.at\/index.php?rest_route=\/wp\/v2\/pages\/1394\/revisions\/1596"}],"wp:attachment":[{"href":"https:\/\/www.sattlerplanung.at\/index.php?rest_route=%2Fwp%2Fv2%2Fmedia&parent=1394"}],"curies":[{"name":"wp","href":"https:\/\/api.w.org\/{rel}","templated":true}]}}