{"id":1355,"date":"2025-02-17T11:08:17","date_gmt":"2025-02-17T10:08:17","guid":{"rendered":"https:\/\/www.sattlerplanung.at\/?page_id=1355"},"modified":"2025-03-03T09:36:12","modified_gmt":"2025-03-03T08:36:12","slug":"leistungen","status":"publish","type":"page","link":"https:\/\/www.sattlerplanung.at\/?page_id=1355","title":{"rendered":"Leistungen"},"content":{"rendered":"\t\t<div data-elementor-type=\"wp-page\" data-elementor-id=\"1355\" class=\"elementor elementor-1355\">\n\t\t\t\t<div class=\"elementor-element elementor-element-981d6cb e-flex e-con-boxed e-con e-parent\" data-id=\"981d6cb\" data-element_type=\"container\" data-e-type=\"container\">\n\t\t\t\t\t<div class=\"e-con-inner\">\n\t\t\t\t<div class=\"elementor-element elementor-element-21caef0 elementor-widget elementor-widget-heading\" data-id=\"21caef0\" data-element_type=\"widget\" data-e-type=\"widget\" data-widget_type=\"heading.default\">\n\t\t\t\t<div class=\"elementor-widget-container\">\n\t\t\t\t\t<h2 class=\"elementor-heading-title elementor-size-default\"><h2 data-elementor-setting-key=\"title\" data-pen-placeholder=\"Type Here...\" style=\"font-style: normal\">   Leistungen<span style=\"color: var(--ast-global-color-2);font-size: 2.375rem;font-style: inherit;text-align: var(--text-align)\"><\/span><\/h2><\/h2>\t\t\t\t<\/div>\n\t\t\t\t<\/div>\n\t\t\t\t<div class=\"elementor-element elementor-element-8963907 elementor-widget elementor-widget-image\" data-id=\"8963907\" data-element_type=\"widget\" data-e-type=\"widget\" data-widget_type=\"image.default\">\n\t\t\t\t<div class=\"elementor-widget-container\">\n\t\t\t\t\t\t\t\t\t\t\t\t\t\t\t<img decoding=\"async\" src=\"https:\/\/www.sattlerplanung.at\/wp-content\/uploads\/elementor\/thumbs\/pexels-lex-photography-1109541-scaled-r1cbuurfdlbjyvk889c5zbcaddbpuqkf2kbn2jv6wo.jpg\" title=\"pexels-lex-photography-1109541\" alt=\"pexels-lex-photography-1109541\" loading=\"lazy\" \/>\t\t\t\t\t\t\t\t\t\t\t\t\t\t\t<\/div>\n\t\t\t\t<\/div>\n\t\t\t\t\t<\/div>\n\t\t\t\t<\/div>\n\t\t<div class=\"elementor-element elementor-element-21b1376 e-flex e-con-boxed e-con e-parent\" data-id=\"21b1376\" data-element_type=\"container\" data-e-type=\"container\">\n\t\t\t\t\t<div class=\"e-con-inner\">\n\t\t\t\t<div class=\"elementor-element elementor-element-8d0228d elementor-widget elementor-widget-text-editor\" data-id=\"8d0228d\" data-element_type=\"widget\" data-e-type=\"widget\" data-widget_type=\"text-editor.default\">\n\t\t\t\t<div class=\"elementor-widget-container\">\n\t\t\t\t\t\t\t\t\t<p>Von der Idee bis zur Fertigstellung stehen wir Ihnen bei der Umsetzung Ihres Bauvorhabens gerne zur Seite.\u00a0 Unser gr\u00f6\u00dftes Anliegen ist es, Ihre Vorstellungen und Bed\u00fcrfnisse in einer zeitgem\u00e4\u00dfen, funktionalen und optisch ansprechenden Architektur umzusetzen.<\/p><p>Als Architekturb\u00fcro k\u00f6nnen wir Ihnen folgende Leistungen anbieten:<\/p><p><strong>Vorentwurf<\/strong><\/p><p>Bei einem umfassenden Erstgespr\u00e4ch werden die Grundlagen und Rahmenbedingungen analysiert.\u00a0 Nach einer Besichtigung des Grundst\u00fccks oder eines bestehenden Geb\u00e4udes vor Ort flie\u00dfen Ihre W\u00fcnsche und Vorstellungen in eine erste professionelle Darstellung ein, die als Grundlage f\u00fcr den weiteren Planungsprozess dient.<\/p><p><strong>Entwurf<\/strong><\/p><p>In der Entwurfsphase entwickeln wir Ihr Projekt in einer ausgereiften planlichen Darstellung unter Ber\u00fccksichtigung von Kosten und baulicher Machbarkeit. Gerne erstellen wir f\u00fcr Sie auch eine 3-dimsenionale Darstellung zur besseren Vorstellbarkeit.<\/p><p><strong>Einreichung<\/strong><\/p><p>Ist der Entwurf fixiert, wird er zu einem Einreichplan im Ma\u00dfstab 1:100 entsprechend den beh\u00f6rdlichen Anforderungen ausgearbeitet. Zudem werden alle weiteren erforderlichen Einreichunterlagen wie Baubeschreibung, Anrainerverzeichnis, AGWRII-Datenblatt sowie gegebenenfalls ein Energieausweis erstellt. Sollte eine Bauverhandlung notwendig sein, stehen wir Ihnen auch hier zur Seite.<\/p><p><strong>Energieausweis<\/strong><\/p><p>F\u00fcr die Errichtung und auch beim Verkauf von diversen Geb\u00e4uden muss in \u00d6sterreich ein Energieausweis erstellt werden. Wir beraten Sie hier auch gerne in Bezug auf die Wohnbauf\u00f6rderung, bei der der Energieausweis eine Rolle spielt.<\/p><p><strong>Ausf\u00fchrungsplanung<\/strong><\/p><p>Bei der sogenannten Polierplanung wird der genehmigte Plan f\u00fcr die Ausf\u00fchrung weiterentwickelt. Im Ma\u00dfstab 1:50, sowie in Detailzeichnungen werden s\u00e4mtliche bauliche, technische und optische Details eingearbeitet. In der Bauphase selbst wird die Ausf\u00fchrungsplanung unter Absprache mit den ausf\u00fchrenden Firmen aller Gewerke erg\u00e4nzt und \u00fcberarbeitet.<\/p><p><strong>Kostenermittlung und Vergabe<\/strong><\/p><p>S\u00e4mtliche Massen werden ermittelt und in Form von Leistungsbeschreibungen und Leistungsverzeichnissen entsprechend nach Gewerk aufgestellt. Je nach Vergabeverfahren werden Firmen dazu eingeladen, auf dieser Basis Angebote zu erstellen, die folgend von uns gepr\u00fcft und verglichen werden. In weiterer Folge begleiten wir Sie in die Preisverhandlungen und die Vergabe.<\/p><p><strong>\u00d6rtliche Bauaufsicht<\/strong><\/p><p>Mit einer \u00f6rtlichen Bauaufsicht \u00fcbernehmen wir f\u00fcr Sie die Koordination und \u00dcberwachung s\u00e4mtlicher ausf\u00fchrenden Firmen auf der Baustelle. F\u00fcr die termingerechte Fertigstellung erstellen wir einen Bauzeitplan und es werden w\u00f6chentlich Besprechungen mit den Beteiligten vor Ort angesetzt. Zudem dokumentieren wir den Baufortschritt und pr\u00fcfen letztendlich alle Rechnungen.<\/p>\t\t\t\t\t\t\t\t<\/div>\n\t\t\t\t<\/div>\n\t\t\t\t\t<\/div>\n\t\t\t\t<\/div>\n\t\t\t\t<\/div>\n\t\t","protected":false},"excerpt":{"rendered":"<p>Leistungen Von der Idee bis zur Fertigstellung stehen wir Ihnen bei der Umsetzung Ihres Bauvorhabens gerne zur Seite.\u00a0 Unser gr\u00f6\u00dftes Anliegen ist es, Ihre Vorstellungen und Bed\u00fcrfnisse in einer zeitgem\u00e4\u00dfen, funktionalen und optisch ansprechenden Architektur umzusetzen. Als Architekturb\u00fcro k\u00f6nnen wir Ihnen folgende Leistungen anbieten: Vorentwurf Bei einem umfassenden Erstgespr\u00e4ch werden die Grundlagen und Rahmenbedingungen analysiert.\u00a0 [&hellip;]<\/p>\n","protected":false},"author":1,"featured_media":738,"parent":0,"menu_order":2,"comment_status":"closed","ping_status":"closed","template":"elementor_header_footer","meta":{"_uag_custom_page_level_css":"","site-sidebar-layout":"no-sidebar","site-content-layout":"page-builder","ast-site-content-layout":"full-width-container","site-content-style":"default","site-sidebar-style":"default","ast-global-header-display":"","ast-banner-title-visibility":"","ast-main-header-display":"","ast-hfb-above-header-display":"","ast-hfb-below-header-display":"","ast-hfb-mobile-header-display":"","site-post-title":"disabled","ast-breadcrumbs-content":"","ast-featured-img":"disabled","footer-sml-layout":"","theme-transparent-header-meta":"","adv-header-id-meta":"","stick-header-meta":"","header-above-stick-meta":"","header-main-stick-meta":"","header-below-stick-meta":"","astra-migrate-meta-layouts":"set","ast-page-background-enabled":"default","ast-page-background-meta":{"desktop":{"background-color":"","background-image":"","background-repeat":"repeat","background-position":"center center","background-size":"auto","background-attachment":"scroll","background-type":"","background-media":"","overlay-type":"","overlay-color":"","overlay-opacity":"","overlay-gradient":""},"tablet":{"background-color":"","background-image":"","background-repeat":"repeat","background-position":"center center","background-size":"auto","background-attachment":"scroll","background-type":"","background-media":"","overlay-type":"","overlay-color":"","overlay-opacity":"","overlay-gradient":""},"mobile":{"background-color":"","background-image":"","background-repeat":"repeat","background-position":"center center","background-size":"auto","background-attachment":"scroll","background-type":"","background-media":"","overlay-type":"","overlay-color":"","overlay-opacity":"","overlay-gradient":""}},"ast-content-background-meta":{"desktop":{"background-color":"var(--ast-global-color-5)","background-image":"","background-repeat":"repeat","background-position":"center center","background-size":"auto","background-attachment":"scroll","background-type":"","background-media":"","overlay-type":"","overlay-color":"","overlay-opacity":"","overlay-gradient":""},"tablet":{"background-color":"var(--ast-global-color-5)","background-image":"","background-repeat":"repeat","background-position":"center center","background-size":"auto","background-attachment":"scroll","background-type":"","background-media":"","overlay-type":"","overlay-color":"","overlay-opacity":"","overlay-gradient":""},"mobile":{"background-color":"var(--ast-global-color-5)","background-image":"","background-repeat":"repeat","background-position":"center center","background-size":"auto","background-attachment":"scroll","background-type":"","background-media":"","overlay-type":"","overlay-color":"","overlay-opacity":"","overlay-gradient":""}},"_themeisle_gutenberg_block_has_review":false,"footnotes":""},"class_list":["post-1355","page","type-page","status-publish","has-post-thumbnail","hentry"],"uagb_featured_image_src":{"full":["https:\/\/www.sattlerplanung.at\/wp-content\/uploads\/2025\/02\/pexels-lex-photography-1109541-scaled.jpg",2560,1707,false],"thumbnail":["https:\/\/www.sattlerplanung.at\/wp-content\/uploads\/2025\/02\/pexels-lex-photography-1109541-150x150.jpg",150,150,true],"medium":["https:\/\/www.sattlerplanung.at\/wp-content\/uploads\/2025\/02\/pexels-lex-photography-1109541-300x200.jpg",300,200,true],"medium_large":["https:\/\/www.sattlerplanung.at\/wp-content\/uploads\/2025\/02\/pexels-lex-photography-1109541-768x512.jpg",768,512,true],"large":["https:\/\/www.sattlerplanung.at\/wp-content\/uploads\/2025\/02\/pexels-lex-photography-1109541-1024x683.jpg",1024,683,true],"1536x1536":["https:\/\/www.sattlerplanung.at\/wp-content\/uploads\/2025\/02\/pexels-lex-photography-1109541-1536x1024.jpg",1536,1024,true],"2048x2048":["https:\/\/www.sattlerplanung.at\/wp-content\/uploads\/2025\/02\/pexels-lex-photography-1109541-2048x1365.jpg",2048,1365,true]},"uagb_author_info":{"display_name":"satplan","author_link":"https:\/\/www.sattlerplanung.at\/?author=1"},"uagb_comment_info":0,"uagb_excerpt":"Leistungen Von der Idee bis zur Fertigstellung stehen wir Ihnen bei der Umsetzung Ihres Bauvorhabens gerne zur Seite.\u00a0 Unser gr\u00f6\u00dftes Anliegen ist es, Ihre Vorstellungen und Bed\u00fcrfnisse in einer zeitgem\u00e4\u00dfen, funktionalen und optisch ansprechenden Architektur umzusetzen. Als Architekturb\u00fcro k\u00f6nnen wir Ihnen folgende Leistungen anbieten: Vorentwurf Bei einem umfassenden Erstgespr\u00e4ch werden die Grundlagen und Rahmenbedingungen analysiert.\u00a0&hellip;","_links":{"self":[{"href":"https:\/\/www.sattlerplanung.at\/index.php?rest_route=\/wp\/v2\/pages\/1355","targetHints":{"allow":["GET"]}}],"collection":[{"href":"https:\/\/www.sattlerplanung.at\/index.php?rest_route=\/wp\/v2\/pages"}],"about":[{"href":"https:\/\/www.sattlerplanung.at\/index.php?rest_route=\/wp\/v2\/types\/page"}],"author":[{"embeddable":true,"href":"https:\/\/www.sattlerplanung.at\/index.php?rest_route=\/wp\/v2\/users\/1"}],"replies":[{"embeddable":true,"href":"https:\/\/www.sattlerplanung.at\/index.php?rest_route=%2Fwp%2Fv2%2Fcomments&post=1355"}],"version-history":[{"count":22,"href":"https:\/\/www.sattlerplanung.at\/index.php?rest_route=\/wp\/v2\/pages\/1355\/revisions"}],"predecessor-version":[{"id":1950,"href":"https:\/\/www.sattlerplanung.at\/index.php?rest_route=\/wp\/v2\/pages\/1355\/revisions\/1950"}],"wp:featuredmedia":[{"embeddable":true,"href":"https:\/\/www.sattlerplanung.at\/index.php?rest_route=\/wp\/v2\/media\/738"}],"wp:attachment":[{"href":"https:\/\/www.sattlerplanung.at\/index.php?rest_route=%2Fwp%2Fv2%2Fmedia&parent=1355"}],"curies":[{"name":"wp","href":"https:\/\/api.w.org\/{rel}","templated":true}]}}